{"id":2326,"date":"2024-04-03T16:17:43","date_gmt":"2024-04-03T16:17:43","guid":{"rendered":"https:\/\/hotelmendos.com\/?page_id=2326"},"modified":"2024-04-03T16:17:43","modified_gmt":"2024-04-03T16:17:43","slug":"gizlilik-politikasi","status":"publish","type":"page","link":"https:\/\/hotelmendos.com\/tr\/gizlilik-politikasi\/","title":{"rendered":"Gizlilik Politikas\u0131"},"content":{"rendered":"<p><strong><u>G\u0130ZL\u0130L\u0130K POL\u0130T\u0130KASI<\/u><\/strong><\/p>\n<p>VER\u0130 SORUMLUSU K\u0130ML\u0130\u011e\u0130<\/p>\n<p>UNVAN: KURKUR TUR\u0130ZM YAT. VE \u0130\u015eL.\u0130N\u015e.VE T\u0130C.LTD.\u015eT\u0130<\/p>\n<p>VERG\u0130 NO: 5940615203<\/p>\n<p>TELEFON: 252 622 11 48<\/p>\n<p>KEP:\u00a0<a href=\"mailto:kurkur.turizm@hs01.kep.tr\">kurkur.turizm@hs01.kep.tr<\/a><\/p>\n<p>E-POSTA:\u00a0<a href=\"mailto:mendos@hotelmendos.com\">mendos@hotelmendos.com<\/a><\/p>\n<p>ADRES: Fo\u00e7a mahallesi 1080 sokak \u00c7al\u0131\u015f Plaj\u0131 Fethiye \/ Mu\u011fla<\/p>\n<p>KURKUR TUR\u0130ZM YAT. VE \u0130\u015eL.\u0130N\u015e.VE T\u0130C.LTD.\u015eT\u0130 (\u201c\u015eirket\u201d) olarak, sizden ve sizin hakk\u0131n\u0131zda 6698 say\u0131l\u0131 Ki\u015fisel Verilerin Korunmas\u0131 Kanunu (&#8220;Kanun&#8221;) \u00e7er\u00e7evesinde nas\u0131l bilgi toplad\u0131\u011f\u0131m\u0131z, bu bilgilerin nas\u0131l kullan\u0131ld\u0131\u011f\u0131 ve ne \u015fekilde payla\u015f\u0131ld\u0131\u011f\u0131 hakk\u0131nda bilgi vermek amac\u0131yla i\u015fbu Gizlilik Politikas\u0131n\u0131 (\u201cPolitika\u201d) bilginize sunar\u0131z.<br \/>\nPolitika, internet sitemiz, uygulamalar\u0131m\u0131z ve widgetler (birlikte \u201c\u015eirket Hizmeti\/Hizmetleri\u201d) \u00fczerinden toplanan bilgilere ili\u015fkin benimsedi\u011fimiz prensipleri detayland\u0131r\u0131r. \u0130\u015fbu Politika ve \u00c7erez Politikam\u0131z, bir \u015eirket Hizmeti\u2019ne kay\u0131t veya \u00fcye olmadan \u015eirket<\/p>\n<p>Hizmetleri\u2019ni kullananlar dahil olmak \u00fczere t\u00fcm kullan\u0131c\u0131 ve ziyaret\u00e7ileri kapsamaktad\u0131r.<\/p>\n<ol>\n<li>Payla\u015ft\u0131\u011f\u0131n\u0131z Ki\u015fisel Veriler<br \/>\nSizden ve sizin hakk\u0131n\u0131zda, a\u015fa\u011f\u0131daki bilgiler toplanmaktad\u0131r:<\/li>\n<\/ol>\n<p>1.1. Kay\u0131t\/ \u00dcyelik S\u0131ras\u0131nda Payla\u015ft\u0131\u011f\u0131n\u0131z Bilgiler: Bir \u015eirket Hizmeti\u2019ni kullanmak veya Hizmet\u2019e kay\u0131t veya \u00fcye olmak i\u00e7in sa\u011flam\u0131\u015f oldu\u011funuz (\u00f6rne\u011fin: bir hesap olu\u015fturmak, ileti g\u00f6ndermek) bilgilerdir. Kay\u0131t Bilgileri, say\u0131lanlarla s\u0131n\u0131rl\u0131 olmamak \u00fczere, ad, soyad, elektronik posta adresi, do\u011fum g\u00fcn\u00fc, cep ve ev telefonu numaras\u0131, adres, meslek gibi bilgileri i\u00e7erebilir.<\/p>\n<p>1.2. Faaliyet bilgileri: \u015eirket Hizmetleri\u2019ne eri\u015fti\u011finizde ve bu hizmetleri kulland\u0131\u011f\u0131n\u0131zda, bu ziyaretleriniz ile ilgili baz\u0131 bilgileri toplayabiliriz. \u00d6rne\u011fin, \u015eirket Hizmetleri\u2019ne ba\u011flanabilmenizi sa\u011flamak i\u00e7in sunucular\u0131m\u0131z taraf\u0131ndan, IP adresi, taray\u0131c\u0131 t\u00fcr\u00fc ve di\u011fer yaz\u0131l\u0131m veya donan\u0131m bilgileri de dahil, bilgisayar, cihaz ve taray\u0131c\u0131n\u0131z hakk\u0131nda bilgiler kaydedilebilir.<\/p>\n<p>1.3. Otomatik olarak toplanan bilgiler: \u00c7erezler ve di\u011fer izleme teknolojileri (taray\u0131c\u0131 \u00e7erezleri, pikseller, i\u015faret\u00e7iler ve sair \u00e7erezler) \u00fczerinden size ait verileri toplayabiliriz. \u00c7erezlere ili\u015fkin daha detayl\u0131 bilgi i\u00e7in l\u00fctfen \u00c7erez Politikam\u0131z\u0131 inceleyiniz.<\/p>\n<ol start=\"2\">\n<li>Ki\u015fisel Verilerinizi Kullanma Ama\u00e7lar\u0131m\u0131z ve Verilerin Payla\u015f\u0131lmas\u0131<br \/>\nToplanan bilgileri; kullan\u0131c\u0131 memnuniyetini artt\u0131rmak, izin verildi\u011fi \u00f6l\u00e7\u00fcde sizlerle ileti\u015fime ge\u00e7mek ve hizmetlerimizden haberdar etmek; \u015eirket Hizmetleri\u2019ni ve \u00f6zelliklerini \u00f6l\u00e7mek ve geli\u015ftirmek; reklam ve pazarlama mesajlar\u0131 da dahil olmak \u00fczere alakal\u0131 ve ilginizi \u00e7ekebilecek i\u00e7eri\u011fi size sunarak \u015eirket Hizmetleri ile ilgili hem \u00e7evrim i\u00e7i hem de \u00e7evrimd\u0131\u015f\u0131 deneyiminizi geli\u015ftirmek gibi \u015eirket Hizmetleri\u2019ni ve \u00f6zelliklerini, kimli\u011finizi if\u015fa etmedi\u011fi durumlarda bu bilgileri herhangi bir ama\u00e7la kullanabilir veya bunu \u00fc\u00e7\u00fcnc\u00fc \u015fah\u0131slar ile payla\u015fabiliriz.<\/li>\n<\/ol>\n<p>2.1. Toplad\u0131\u011f\u0131m\u0131z bilgiler \u015fu ek ama\u00e7lar i\u00e7in kullan\u0131labilir:<\/p>\n<p>Hizmet sa\u011flay\u0131c\u0131lar\u0131n\u0131n, \u015eirket Hizmetleri\u2019ni sunmam\u0131za ve y\u00f6netmemize yard\u0131mc\u0131 olmalar\u0131n\u0131 sa\u011flamak i\u00e7in; bilgilerinizi, \u015eirket Hizmetleri\u2019ni sunmam\u0131za veya y\u00f6netmemize yard\u0131mc\u0131 olan y\u00fckleniciler, acenteler veya sponsorlar gibi baz\u0131 \u00fc\u00e7\u00fcnc\u00fc \u015fah\u0131s hizmet tedarik\u00e7ilerine verilebilir. \u0130\u015fbu hizmet sa\u011flay\u0131c\u0131lar size ait bilgileri size veya \u015eirket\u2019e sa\u011flad\u0131klar\u0131 belirli hizmet kapsam\u0131 d\u0131\u015f\u0131nda kullanamazlar.<\/p>\n<p>2.1.3. \u0130\u015fbu Politika\u2019da tan\u0131mlanan ama\u00e7larla, bilgilerinizi grup \u015firketleri ile amac\u0131 ile s\u0131n\u0131rl\u0131 olarak payla\u015f\u0131labilir.<\/p>\n<ol start=\"3\">\n<li>G\u00fcvenlik<br \/>\n\u015eirket olarak; g\u00fcvenli veri tabanlar\u0131, sunucular, g\u00fcvenlik yaz\u0131l\u0131mlar\u0131 ve elektronik posta bilgilerinin \u015fifrelenmesi dahil, g\u00fcncel teknolojik geli\u015fmeler \u0131\u015f\u0131\u011f\u0131nda ki\u015fisel verileriniz de dahil olmak \u00fczere, bilgilerinizi korumak i\u00e7in mevcut bilgi ve veri de\u011ferlerinin ve risk durumunun analizini yaparak en geni\u015f ve uygun \u00f6nleyici g\u00fcvenlik \u00f6nlemlerini almay\u0131 ve \u00fc\u00e7\u00fcnc\u00fc ki\u015filer taraf\u0131ndan siber sald\u0131r\u0131 ger\u00e7ekle\u015fmesi sonucunda herhangi bir kullan\u0131c\u0131ya ait bilgilerin \u00e7al\u0131nmas\u0131, sistemden silinmesi veya de\u011fi\u015ftirilmesi halinde i\u015fbu hususu en k\u0131sa s\u00fcre zarf\u0131nda ki\u015fisel veri sahibine ve yetkili idari makamlara bildirmeyi taahh\u00fct etmekteyiz. Ald\u0131\u011f\u0131m\u0131z idari ve teknik tedbirler i\u00e7in internet sitemizde yer alan \u015eirket Ki\u015fisel Verilerin \u0130\u015flenmesi ve Korunmas\u0131 Politikas\u0131\u2019n\u0131 incelemenizi \u00f6neririz.<\/li>\n<li>Bilgilerinizin Y\u00f6netimi<br \/>\nDaha \u00f6nce do\u011frudan taraf\u0131m\u0131za sa\u011flam\u0131\u015f oldu\u011funuz ki\u015fisel bilgilere ili\u015fkin taleplerinizi KURKUR TUR\u0130ZM YAT. VE \u0130\u015eL.\u0130N\u015e.VE T\u0130C.LTD.\u015eT\u0130 \u015e\u0130RKET\u0130 Ki\u015fisel Verilerin \u0130\u015flenmesi ve Korunmas\u0131 Politikas\u0131\u2019nda belirtilen usul ve esaslara uygun yapabilirsiniz.<\/li>\n<li>Di\u011fer H\u00fck\u00fcmler<\/li>\n<\/ol>\n<p>5.1. Politika\u2019da yap\u0131lan g\u00fcncellemeler \u015eirket i\u015fbu Politika da dahil olmak \u00fczere di\u011fer politikalar\u0131n\u0131 size \u00f6nceden haber vermeden, tek tarafl\u0131 olarak de\u011fi\u015ftirebilir.<\/p>\n<p>&nbsp;<\/p>\n","protected":false},"excerpt":{"rendered":"<p>G\u0130ZL\u0130L\u0130K POL\u0130T\u0130KASI VER\u0130 SORUMLUSU K\u0130ML\u0130\u011e\u0130 UNVAN: KURKUR TUR\u0130ZM YAT. VE \u0130\u015eL.\u0130N\u015e.VE T\u0130C.LTD.\u015eT\u0130 VERG\u0130 NO: 5940615203 TELEFON: 252 622 11 48 KEP:\u00a0kurkur.turizm@hs01.kep.tr E-POSTA:\u00a0mendos@hotelmendos.com ADRES: Fo\u00e7a mahallesi 1080 sokak \u00c7al\u0131\u015f Plaj\u0131 Fethiye \/ Mu\u011fla KURKUR TUR\u0130ZM YAT. VE \u0130\u015eL.\u0130N\u015e.VE T\u0130C.LTD.\u015eT\u0130 (\u201c\u015eirket\u201d) olarak, sizden ve sizin hakk\u0131n\u0131zda 6698 say\u0131l\u0131 Ki\u015fisel Verilerin Korunmas\u0131 Kanunu (&#8220;Kanun&#8221;) \u00e7er\u00e7evesinde nas\u0131l bilgi toplad\u0131\u011f\u0131m\u0131z,&hellip;<\/p>\n","protected":false},"author":1,"featured_media":0,"parent":0,"menu_order":0,"comment_status":"closed","ping_status":"closed","template":"","meta":[],"class_list":["post-2326","page","type-page","status-publish","hentry","description-off"],"_links":{"self":[{"href":"https:\/\/hotelmendos.com\/tr\/wp-json\/wp\/v2\/pages\/2326\/"}],"collection":[{"href":"https:\/\/hotelmendos.com\/tr\/wp-json\/wp\/v2\/pages\/"}],"about":[{"href":"https:\/\/hotelmendos.com\/tr\/wp-json\/wp\/v2\/types\/page\/"}],"author":[{"embeddable":true,"href":"https:\/\/hotelmendos.com\/tr\/wp-json\/wp\/v2\/users\/1\/"}],"replies":[{"embeddable":true,"href":"https:\/\/hotelmendos.com\/tr\/wp-json\/wp\/v2\/comments\/?post=2326"}],"version-history":[{"count":1,"href":"https:\/\/hotelmendos.com\/tr\/wp-json\/wp\/v2\/pages\/2326\/revisions\/"}],"predecessor-version":[{"id":2327,"href":"https:\/\/hotelmendos.com\/tr\/wp-json\/wp\/v2\/pages\/2326\/revisions\/2327\/"}],"wp:attachment":[{"href":"https:\/\/hotelmendos.com\/tr\/wp-json\/wp\/v2\/media\/?parent=2326"}],"curies":[{"name":"wp","href":"https:\/\/api.w.org\/{rel}","templated":true}]}}