{"id":2317,"date":"2024-04-03T16:13:41","date_gmt":"2024-04-03T16:13:41","guid":{"rendered":"https:\/\/hotelmendos.com\/?page_id=2317"},"modified":"2024-04-03T16:15:55","modified_gmt":"2024-04-03T16:15:55","slug":"kalite-politikasi","status":"publish","type":"page","link":"https:\/\/hotelmendos.com\/tr\/kalite-politikasi\/","title":{"rendered":"Kalite Politikas\u0131"},"content":{"rendered":"<p>KAL\u0130TE, \u00c7EVRE ve GIDA G\u00dcVENL\u0130\u011e\u0130\u00a0POL\u0130T\u0130KAMIZ<br \/>\nMendos Garden Exclusive Hotel olarak i\u015fletmemizin devam\u0131n\u0131 ve geli\u015fimini sa\u011flayacak olan<br \/>\nm\u00fc\u015fteri memnuniyetini en \u00fcst d\u00fczeyde tutmak \u00f6ncelikli prensibimizdir.<br \/>\nBu prensibimizi devaml\u0131 k\u0131lmak i\u00e7in:<br \/>\nUlusal ve uluslararas\u0131 standartlar\u0131 esas alarak;<\/p>\n<ul>\n<li>Do\u011fay\u0131 ve do\u011fal hayat\u0131 korumay\u0131,<\/li>\n<li>At\u0131klar\u0131n geri kazan\u0131m yolu ile bertaraf\u0131n\u0131 sa\u011flayarak kirlili\u011fi \u00f6nlemeyi,<\/li>\n<li>Faaliyetlerimiz s\u0131ras\u0131nda meydana gelebilecek herhangi bir kaza veya acil<br \/>\ndurumda tedbirleri almak, risk analizleri yapmak ve s\u00fcrd\u00fcrmeyi, sa\u011flama<\/li>\n<li>Faaliyetlerimiz s\u0131ras\u0131nda meydana gelebilecek herhangi bir kaza veya acil<br \/>\ndurumda tedbirleri almak, risk analizleri yapmak ve s\u00fcrd\u00fcrmeyi, sa\u011flama<\/li>\n<li>\u0130\u015fletmemizde, temizlik ve hijyen hususuna maksimum derecede \u00f6nem vermeyi ve t\u00fcm hijyen kurallar\u0131na uymay\u0131<\/li>\n<li>Uygun tedarik\u00e7i se\u00e7imiyle ba\u015flayarak, \u00fcretilen \u00fcr\u00fcn\u00fcn malzeme al\u0131m\u0131ndan misafire sunumuna kadar, T\u00fcrk G\u0131da Kodeksi ve Helal sertifikal\u0131 \u00dcr\u00fcnlere ba\u011fl\u0131 kal\u0131p G\u0131da G\u00fcvenli\u011fi \u0130lke ve prensiplerini uygulayarak \u00fcr\u00fcn g\u00fcvenli\u011fini sa\u011flamak,<\/li>\n<li>G\u00fcler y\u00fczl\u00fc, g\u00fcvenilir ve g\u00f6revlerinde yetkin olan personel kadromuzla di\u011fer<br \/>\ni\u015fletmeler i\u00e7in \u00f6rnek te\u015fkil etmeyi,<\/li>\n<li>Misafirlerimize kaliteli hizmet verebilmek i\u00e7in personelimizin e\u011fitimine ve geli\u015fimine \u00f6nem vermeyi,<\/li>\n<li>Misafirlerimizin oldu\u011fu kadar \u00e7al\u0131\u015fanlar\u0131m\u0131z\u0131n da memnuniyetini sa\u011flamay\u0131,<\/li>\n<li>Misafirlerimizin istek, \u00f6neri ve \u015fikayetlerine \u00f6ncelik g\u00f6sterip, Onlara an\u0131nda cevap verebilmeyi,<\/li>\n<li>Her s\u00fcre\u00e7te verimli \u00e7al\u0131\u015fmayla, karl\u0131l\u0131k ve tasarruf sa\u011flamay\u0131,<\/li>\n<li>Kaliteli \u00fcr\u00fcn ve hizmet bilincini benimseyerek turizm sekt\u00f6r\u00fcnde uluslararas\u0131 bir i\u015fletme profiline sahip olabilmek i\u00e7in kendimizi s\u00fcrekli geli\u015ftirmeyi ve iyile\u015ftirmeyi,<\/li>\n<li>Ve bu maddeleri \u00e7al\u0131\u015fanlar\u0131m\u0131za Mendos Garden Exclusive Kalite ve G\u0131da G\u00fcvenli\u011fi<br \/>\nPolitikas\u0131 olarak \u00f6\u011freterek, g\u00f6revlerine yans\u0131tmalar\u0131n\u0131 sa\u011flamay\u0131 kalite politikam\u0131z olarak benimsedik.<\/li>\n<\/ul>\n<p>&nbsp;<\/p>\n","protected":false},"excerpt":{"rendered":"<p>KAL\u0130TE, \u00c7EVRE ve GIDA G\u00dcVENL\u0130\u011e\u0130\u00a0POL\u0130T\u0130KAMIZ Mendos Garden Exclusive Hotel olarak i\u015fletmemizin devam\u0131n\u0131 ve geli\u015fimini sa\u011flayacak olan m\u00fc\u015fteri memnuniyetini en \u00fcst d\u00fczeyde tutmak \u00f6ncelikli prensibimizdir. Bu prensibimizi devaml\u0131 k\u0131lmak i\u00e7in: Ulusal ve uluslararas\u0131 standartlar\u0131 esas alarak; Do\u011fay\u0131 ve do\u011fal hayat\u0131 korumay\u0131, At\u0131klar\u0131n geri kazan\u0131m yolu ile bertaraf\u0131n\u0131 sa\u011flayarak kirlili\u011fi \u00f6nlemeyi, Faaliyetlerimiz s\u0131ras\u0131nda meydana gelebilecek herhangi bir&hellip;<\/p>\n","protected":false},"author":1,"featured_media":0,"parent":0,"menu_order":0,"comment_status":"closed","ping_status":"closed","template":"elementor_header_footer","meta":[],"class_list":["post-2317","page","type-page","status-publish","hentry","description-off"],"_links":{"self":[{"href":"https:\/\/hotelmendos.com\/tr\/wp-json\/wp\/v2\/pages\/2317\/"}],"collection":[{"href":"https:\/\/hotelmendos.com\/tr\/wp-json\/wp\/v2\/pages\/"}],"about":[{"href":"https:\/\/hotelmendos.com\/tr\/wp-json\/wp\/v2\/types\/page\/"}],"author":[{"embeddable":true,"href":"https:\/\/hotelmendos.com\/tr\/wp-json\/wp\/v2\/users\/1\/"}],"replies":[{"embeddable":true,"href":"https:\/\/hotelmendos.com\/tr\/wp-json\/wp\/v2\/comments\/?post=2317"}],"version-history":[{"count":6,"href":"https:\/\/hotelmendos.com\/tr\/wp-json\/wp\/v2\/pages\/2317\/revisions\/"}],"predecessor-version":[{"id":2323,"href":"https:\/\/hotelmendos.com\/tr\/wp-json\/wp\/v2\/pages\/2317\/revisions\/2323\/"}],"wp:attachment":[{"href":"https:\/\/hotelmendos.com\/tr\/wp-json\/wp\/v2\/media\/?parent=2317"}],"curies":[{"name":"wp","href":"https:\/\/api.w.org\/{rel}","templated":true}]}}