{"id":1894,"date":"2019-08-23T06:54:47","date_gmt":"2019-08-23T06:54:47","guid":{"rendered":"https:\/\/hotelmendos.com\/home-2\/"},"modified":"2025-12-23T12:30:14","modified_gmt":"2025-12-23T12:30:14","slug":"home-2","status":"publish","type":"page","link":"https:\/\/hotelmendos.com\/tr\/","title":{"rendered":"MENDOS GARDEN EXCLUSIVE HOTEL"},"content":{"rendered":"<p>[vc_row content_placement=&#8221;middle&#8221; css=&#8221;.vc_custom_1583332366744{margin-right: 0px !important;margin-left: 0px !important;padding-top: 10px !important;padding-bottom: 10px !important;}&#8221;][vc_column width=&#8221;1\/2&#8243; css=&#8221;.vc_custom_1583332394776{margin-top: -10px !important;margin-right: 0px !important;padding-top: 20px !important;padding-right: 0px !important;padding-bottom: 20px !important;background-color: #cecece !important;}&#8221;]<div id=\"ultimate-video-80836a04cdb5b383a\" class=\"ult-video  ult-adjust-bottom-margin ultimate-video-80836a04cdb5b383a ultv-3822 \"><div class=\"ultv-video ultv-aspect-ratio-16_9 ultv-subscribe-responsive-none\" data-videotype=\"uv_iframe\">\n\t\t\t\t\t\t<div class=\"ultv-video__outer-wrap\" data-autoplay=\"0\" data-device=\"false\"  data-iconbg=\"#3A3A3A\" data-overcolor=\"\" data-defaultbg=\"#1f1f1e\" data-defaultplay=\"defaulticon\"><div class=\"ultv-video__play\" data-src=\"https:\/\/www.youtube.com\/embed\/LZdmOb-OhvA?rel=0&amp;start&amp;end&amp;controls=1&amp;mute=0&amp;modestbranding=1&amp;autoplay=1\">\n\t\t\t\t\t\t\t\t<img decoding=\"async\" class=\"ultv-video__thumb\" src=\"https:\/\/hotelmendos.com\/wp-content\/uploads\/2020\/03\/B2.jpg\"\/>\n\t\t\t\t\t\t\t\t<div class=\"ultv-video__play-icon  ultv-animation-none\" style=\"width:75px\"><svg height=\"100%\" version=\"1.1\" viewBox=\"0 0 68 48\" width=\"100%\"><path class=\"ultv-youtube-icon-bg\" d=\"m .66,37.62 c 0,0 .66,4.70 2.70,6.77 2.58,2.71 5.98,2.63 7.49,2.91 5.43,.52 23.10,.68 23.12,.68 .00,-1.3e-5 14.29,-0.02 23.81,-0.71 1.32,-0.15 4.22,-0.17 6.81,-2.89 2.03,-2.07 2.70,-6.77 2.70,-6.77 0,0 .67,-5.52 .67,-11.04 l 0,-5.17 c 0,-5.52 -0.67,-11.04 -0.67,-11.04 0,0 -0.66,-4.70 -2.70,-6.77 C 62.03,.86 59.13,.84 57.80,.69 48.28,0 34.00,0 34.00,0 33.97,0 19.69,0 10.18,.69 8.85,.84 5.95,.86 3.36,3.58 1.32,5.65 .66,10.35 .66,10.35 c 0,0 -0.55,4.50 -0.66,9.45 l 0,8.36 c .10,4.94 .66,9.45 .66,9.45 z\" fill=\"#1f1f1e\" ><\/path><path d=\"m 26.96,13.67 18.37,9.62 -18.37,9.55 -0.00,-19.17 z\" fill=\"#fff\"><\/path><path d=\"M 45.02,23.46 45.32,23.28 26.96,13.67 43.32,22.34 45.02,23.46 z\" fill=\"#ccc\"><\/path><\/svg><\/div> <\/div> <\/div><\/div><\/div>[\/vc_column][vc_column width=&#8221;1\/2&#8243; css=&#8221;.vc_custom_1580473381675{padding-top: 90px !important;padding-right: 12% !important;padding-bottom: 90px !important;padding-left: 12% !important;background-color: #ffffff !important;}&#8221;]<div id=\"ultimate-heading-89026a04cdb5b3c35\" class=\"uvc-heading ult-adjust-bottom-margin ultimate-heading-89026a04cdb5b3c35 uvc-5983  uvc-heading-default-font-sizes\" data-hspacer=\"no_spacer\"  data-halign=\"left\" style=\"text-align:left\"><div class=\"uvc-heading-spacer no_spacer\" style=\"top\"><\/div><div class=\"uvc-main-heading ult-responsive\"  data-ultimate-target='.uvc-heading.ultimate-heading-89026a04cdb5b3c35 p'  data-responsive-json-new='{\"font-size\":\"\",\"line-height\":\"\"}' ><p style=\"--font-weight:theme;margin-bottom:20px;\">HO\u015eGELD\u0130N\u0130Z<\/p><\/div><div class=\"uvc-sub-heading ult-responsive\"  data-ultimate-target='.uvc-heading.ultimate-heading-89026a04cdb5b3c35 .uvc-sub-heading '  data-responsive-json-new='{\"font-size\":\"\",\"line-height\":\"\"}'  style=\"font-weight:normal;margin-bottom:35px;\"><\/p>\n<h2 class=\"fancy-subtitle start-animation-done start-animation\"><strong>MENDOS GARDEN EXCLUSIVE HOTEL<\/strong><\/h2>\n<p><\/div><\/div>[vc_column_text css=&#8221;.vc_custom_1583324690728{margin-bottom: 30px !important;}&#8221;]<\/p>\n<p style=\"text-align: left;\">3700 metrekare alana in\u015fa edilmi\u015f olan Mendos Garden \u00c7al\u0131\u015f plaj\u0131nda denize 40 metre mesafededir.<\/p>\n<p>Toplamda 45 odas\u0131 bulunan tesisin t\u00fcm odalar\u0131nda; oda telefon,wc telefon, balkon, uydu yay\u0131n\u0131, LCD TV, gard\u0131rop, g\u00fcvenlik kasas\u0131 , makyaj aynas\u0131 ve banyo gibi ihtiya\u00e7 duyulabilecek pek \u00e7ok olanak mevcuttur&#8230;[\/vc_column_text][\/vc_column][\/vc_row][vc_row full_width=&#8221;stretch_row&#8221; content_placement=&#8221;middle&#8221; bg_type=&#8221;image&#8221; parallax_style=&#8221;vcpb-vz-jquery&#8221; bg_image_new=&#8221;id^1695|url^https:\/\/hotelmendos.com\/wp-content\/uploads\/2020\/03\/MENDOS-DI\u015e-G\u00d6R\u00dcN\u00dcM.png|caption^null|alt^null|title^MENDOS-DI\u015e-G\u00d6R\u00dcN\u00dcM|description^null&#8221; bg_image_repeat=&#8221;repeat-y&#8221; parallax_sense=&#8221;60&#8243; bg_override=&#8221;full&#8221; enable_overlay=&#8221;enable_overlay_value&#8221; overlay_color=&#8221;rgba(0,0,0,0.5)&#8221; css=&#8221;.vc_custom_1583083055216{margin-bottom: 80px !important;padding-top: 90px !important;padding-bottom: 50px !important;}&#8221;][vc_column width=&#8221;5\/6&#8243; offset=&#8221;vc_col-lg-offset-1 vc_col-lg-10 vc_col-md-offset-1 vc_col-md-10 vc_col-sm-offset-1&#8243;][vc_text_separator title=&#8221;Mendos Garden \u00c7al\u0131\u015f plaj\u0131nda denize 40 metre mesafededir.&#8221; color=&#8221;white&#8221; el_class=&#8221;beyaz&#8221;]<span id=\"creative-link-wrap-5474\" class=\"ult_main_cl ult-adjust-bottom-margin  \" >\n\t \t\t\t<span class=\"ult_cl_link_3  ult_crlink\" >\n\t\t\t\t\t<a  data-ultimate-target='#creative-link-wrap-5474 .ult_colorlink'  data-responsive-json-new='{\"font-size\":\"\",\"line-height\":\"\"}'  href=\"\/tr\/area\/\" title=\"\u00c7evre Bilgisi\"  class=\"ult_colorlink ult-responsive  vc_custom_1584022010945\" style=\"font-weight:normal; \"  data-textcolor=\"#ffffff\" data-texthover=\"#ffffff\"data-style=\"Style_3\">\n\t\t\t\t\t\t\n\t\t\t\t\t\t<span data-hover=\"\u00c7al\u0131\u015f hakk\u0131nda bilgi i\u00e7in t\u0131klay\u0131n\u0131z.\" style=\"color:#ffffff;;;\" class=\"ult_btn10_span   \">\u00c7al\u0131\u015f hakk\u0131nda bilgi i\u00e7in t\u0131klay\u0131n\u0131z.<\/span>\n\t\t\t\t\t\t<span class=\"ult_link_btm3 \" style=\"border-color:#ffffff;border-bottom-width:2px;border-style:solid;\"><\/span>\n\t\t\t\t\t<\/a>\n\t\t\t\t<\/span>\n\t\t\t<\/span>[\/vc_column][\/vc_row][vc_row css=&#8221;.vc_custom_1568986673274{padding-bottom: 60px !important;}&#8221;][vc_column][\/vc_column][\/vc_row][vc_row content_placement=&#8221;middle&#8221; css=&#8221;.vc_custom_1583165225226{margin-right: 0px !important;margin-bottom: 80px !important;margin-left: 0px !important;padding-top: 0px !important;padding-bottom: 0px !important;background-color: #ffffff !important;}&#8221;][vc_column][vc_column_text css=&#8221;.vc_custom_1583324782501{padding-top: 20px !important;padding-bottom: 15px !important;}&#8221;]<\/p>\n<h2 style=\"text-align: center;\">Oda Tipleri<\/h2>\n<p style=\"text-align: center;\">\u00d6zelle\u015ftirilmi\u015f i\u00e7 tasar\u0131m ve temel ev konforu ile.<\/p>\n<p>[\/vc_column_text][\/vc_column][vc_column width=&#8221;1\/2&#8243; css=&#8221;.vc_custom_1583165170179{padding-top: 0px !important;padding-right: 2% !important;padding-bottom: 50px !important;padding-left: 2% !important;background-color: #ffffff !important;}&#8221;][vc_column_text]<\/p>\n<h3 style=\"text-align: center;\">Standart Oda<\/h3>\n<p>[\/vc_column_text][vc_single_image image=&#8221;1868&#8243; img_size=&#8221;large&#8221; onclick=&#8221;custom_link&#8221; lazy_loading=&#8221;true&#8221; link=&#8221;\/standart-room\/&#8221;][vc_column_text css=&#8221;.vc_custom_1584022172901{padding-right: 8px !important;padding-left: 8px !important;}&#8221;]<\/p>\n<p style=\"text-align: center;\">Oda Boyutu: 21 &#8211; 24 m2, Laminant kapl\u0131 zemin, Du\u015fakabin Banyo, WC, Telefon, Uydu TV&#8230;<\/p>\n<p>[\/vc_column_text][\/vc_column][vc_column width=&#8221;1\/2&#8243; css=&#8221;.vc_custom_1583165176272{padding-top: 0px !important;padding-right: 2% !important;padding-bottom: 50px !important;padding-left: 2% !important;background-color: #ffffff !important;}&#8221;][vc_column_text]<\/p>\n<h3 style=\"text-align: center;\"><strong>Exclusive Oda<\/strong><\/h3>\n<p>[\/vc_column_text][vc_single_image image=&#8221;1869&#8243; img_size=&#8221;large&#8221; onclick=&#8221;custom_link&#8221; lazy_loading=&#8221;true&#8221; link=&#8221;\/exclusive-room\/&#8221;][vc_column_text css=&#8221;.vc_custom_1584022181166{padding-right: 8px !important;padding-left: 8px !important;}&#8221;]<\/p>\n<p style=\"text-align: center;\">Oda Boyutu: 40 &#8211; 48 m2, Laminant kapl\u0131 zemin, Jakuzi, Du\u015fakabin Banyo, WC, Telefon, Uydu TV&#8230;<\/p>\n<p>[\/vc_column_text][\/vc_column][\/vc_row][vc_row content_placement=&#8221;middle&#8221; css=&#8221;.vc_custom_1568986454939{margin-right: 0px !important;margin-left: 0px !important;padding-top: 0px !important;padding-bottom: 90px !important;}&#8221;][vc_column width=&#8221;1\/2&#8243; css=&#8221;.vc_custom_1580473271034{padding-top: 90px !important;padding-right: 12% !important;padding-bottom: 90px !important;padding-left: 12% !important;background-color: #ffffff !important;}&#8221;]<div id=\"ultimate-heading-67606a04cdb5b3d0d\" class=\"uvc-heading ult-adjust-bottom-margin ultimate-heading-67606a04cdb5b3d0d uvc-7867  uvc-heading-default-font-sizes\" data-hspacer=\"no_spacer\"  data-halign=\"left\" style=\"text-align:left\"><div class=\"uvc-heading-spacer no_spacer\" style=\"top\"><\/div><div class=\"uvc-main-heading ult-responsive\"  data-ultimate-target='.uvc-heading.ultimate-heading-67606a04cdb5b3d0d h2'  data-responsive-json-new='{\"font-size\":\"\",\"line-height\":\"\"}' ><h2 style=\"--font-weight:theme;margin-bottom:35px;\">Fethiye<\/h2><\/div><div class=\"uvc-sub-heading ult-responsive\"  data-ultimate-target='.uvc-heading.ultimate-heading-67606a04cdb5b3d0d .uvc-sub-heading '  data-responsive-json-new='{\"font-size\":\"\",\"line-height\":\"\"}'  style=\"font-weight:normal;margin-bottom:30px;\">G\u00fcn boyu, \u00e7ok s\u0131k aral\u0131klarla \u00e7al\u0131\u015fan dolmu\u015flarla kentin hemen her yerine ula\u015fmak m\u00fcmk\u00fcn. Ayr\u0131ca, hemen \u00e7al\u0131\u015f k\u00f6pr\u00fcs\u00fcn\u00fcn alt\u0131nda, deniz dolmu\u015flar\u0131 (tekneler) ile de, \u015fehir merkezine seferler yap\u0131lmaktad\u0131r. Ye\u015fil bah\u00e7esi, konforlu odalar\u0131, animasyonlar\u0131, yar\u0131\u015fmalar\u0131&#8230;<\/div><\/div><span id=\"creative-link-wrap-2902\" class=\"ult_main_cl ult-adjust-bottom-margin  \" >\n\t \t\t\t<span class=\"ult_cl_link_3  ult_crlink\" >\n\t\t\t\t\t<a  data-ultimate-target='#creative-link-wrap-2902 .ult_colorlink'  data-responsive-json-new='{\"font-size\":\"\",\"line-height\":\"\"}'  href=\"\/tr\/area\/\" title=\"\u00c7evre &amp; Aktiviteler\"  class=\"ult_colorlink ult-responsive  vc_custom_1583995270398\" style=\"float:left;font-weight:normal; \"  data-textcolor=\"#ad5142\" data-texthover=\"#ad5142\"data-style=\"Style_3\">\n\t\t\t\t\t\t\n\t\t\t\t\t\t<span data-hover=\"Devam\u0131\" style=\"color:#ad5142;;;\" class=\"ult_btn10_span   \">Devam\u0131<\/span>\n\t\t\t\t\t\t<span class=\"ult_link_btm3 \" style=\"border-color:#ad5142;border-bottom-width:2px;border-style:solid;\"><\/span>\n\t\t\t\t\t<\/a>\n\t\t\t\t<\/span>\n\t\t\t<\/span>[\/vc_column][vc_column parallax=&#8221;content-moving&#8221; parallax_image=&#8221;1665&#8243; width=&#8221;1\/2&#8243; css=&#8221;.vc_custom_1583083584926{margin-top: -60px !important;margin-right: 0px !important;padding-top: 200px !important;padding-right: 0px !important;padding-bottom: 200px !important;}&#8221;][\/vc_column][\/vc_row][vc_row content_placement=&#8221;middle&#8221; css=&#8221;.vc_custom_1568986705979{margin-right: 0px !important;margin-left: 0px !important;padding-bottom: 80px !important;}&#8221;][vc_column parallax=&#8221;content-moving&#8221; parallax_image=&#8221;1670&#8243; width=&#8221;1\/2&#8243; css=&#8221;.vc_custom_1583089363351{margin-top: -60px !important;margin-right: 0px !important;padding-top: 200px !important;padding-right: 0px !important;padding-bottom: 200px !important;}&#8221;][\/vc_column][vc_column width=&#8221;1\/2&#8243; css=&#8221;.vc_custom_1580473257706{padding-top: 90px !important;padding-right: 12% !important;padding-bottom: 110px !important;padding-left: 12% !important;background-color: #ffffff !important;}&#8221;]<div id=\"ultimate-heading-14086a04cdb5b3dcd\" class=\"uvc-heading ult-adjust-bottom-margin ultimate-heading-14086a04cdb5b3dcd uvc-1804  uvc-heading-default-font-sizes\" data-hspacer=\"no_spacer\"  data-halign=\"left\" style=\"text-align:left\"><div class=\"uvc-heading-spacer no_spacer\" style=\"top\"><\/div><div class=\"uvc-main-heading ult-responsive\"  data-ultimate-target='.uvc-heading.ultimate-heading-14086a04cdb5b3dcd h2'  data-responsive-json-new='{\"font-size\":\"\",\"line-height\":\"\"}' ><h2 style=\"--font-weight:theme;margin-bottom:35px;\">Olanaklar<\/h2><\/div><\/div>[vc_column_text]<strong>\u00dcCRETS\u0130Z OLANAKLAR:<\/strong><\/p>\n<ul>\n<li>T\u00fcrk-Latin geceleri &amp; Dans\u00a0 ve Akrobatik\u00a0 Showlar<\/li>\n<li>Oda servisi<\/li>\n<li>Bilardo<\/li>\n<li>Masa Tenisi,<\/li>\n<li>\u0130nternet Ba\u011flant\u0131s\u0131 \u2013 Kablosuz ( odalar ve genel alanlarda )<\/li>\n<li>Tesise Ait Otopark<\/li>\n<li>Havuz kenar\u0131 \u015fezlong &#8211; \u015femsiye<\/li>\n<\/ul>\n<p><strong>TES\u0130M\u0130ZDE<\/strong><\/p>\n<ul>\n<li>120 ki\u015filik restorant &amp; A\u00e7\u0131k b\u00fcfe servis (Kapal\u0131 &amp; A\u00e7\u0131k)<\/li>\n<li>1 adet Snack bar<\/li>\n<li>1 adet yeti\u015fkin\u00a0 y\u00fczme havuzu<\/li>\n<li>1 adet \u00e7ocuk havuzu<\/li>\n<li>24 saat a\u00e7\u0131k resepsiyon<\/li>\n<li>\u0130nternet Ba\u011flant\u0131s\u0131 \u2013 Kablosuz ( oda ve t\u00fcm genel alanlarda )<\/li>\n<li>Tesise Ait Otopark ( \u00fccretsiz )<\/li>\n<li>Bah\u00e7e<\/li>\n<\/ul>\n<p>&nbsp;<\/p>\n<hr \/>\n<p>&nbsp;<\/p>\n<p>\u0130\u015fletmemiz, engelli bireylerin eri\u015filebilirli\u011fi konusunda duyarl\u0131 bir yakla\u015f\u0131m benimsemektedir.<\/p>\n<p>Ancak mevcut bina yap\u0131s\u0131, kat plan\u0131 ve fiziki altyap\u0131 ko\u015fullar\u0131 sebebiyle engelli misafirlerin konaklamas\u0131na uygun de\u011fildir.<\/p>\n<p>Bu bilgilendirme, mevzuat kapsam\u0131nda \u015feffafl\u0131k sa\u011flamak amac\u0131yla yap\u0131lmaktad\u0131r.<br \/>\n\u201cG\u00f6stermi\u015f oldu\u011funuz anlay\u0131\u015f i\u00e7in te\u015fekk\u00fcr ederiz.\u201d[\/vc_column_text][\/vc_column][\/vc_row]<\/p>\n","protected":false},"excerpt":{"rendered":"<p>[vc_row content_placement=&#8221;middle&#8221; css=&#8221;.vc_custom_1583332366744{margin-right: 0px !important;margin-left: 0px !important;padding-top: 10px !important;padding-bottom: 10px !important;}&#8221;][vc_column width=&#8221;1\/2&#8243; css=&#8221;.vc_custom_1583332394776{margin-top: -10px !important;margin-right: 0px !important;padding-top: 20px !important;padding-right: 0px !important;padding-bottom: 20px !important;background-color: #cecece !important;}&#8221;][\/vc_column][vc_column width=&#8221;1\/2&#8243; css=&#8221;.vc_custom_1580473381675{padding-top: 90px !important;padding-right: 12% !important;padding-bottom: 90px !important;padding-left: 12% !important;background-color: #ffffff !important;}&#8221;][vc_column_text css=&#8221;.vc_custom_1583324690728{margin-bottom: 30px !important;}&#8221;] 3700 metrekare alana in\u015fa edilmi\u015f olan Mendos Garden \u00c7al\u0131\u015f plaj\u0131nda denize 40 metre mesafededir. Toplamda&hellip;<\/p>\n","protected":false},"author":1,"featured_media":0,"parent":0,"menu_order":0,"comment_status":"closed","ping_status":"closed","template":"","meta":[],"class_list":["post-1894","page","type-page","status-publish","hentry","description-off"],"_links":{"self":[{"href":"https:\/\/hotelmendos.com\/tr\/wp-json\/wp\/v2\/pages\/1894\/"}],"collection":[{"href":"https:\/\/hotelmendos.com\/tr\/wp-json\/wp\/v2\/pages\/"}],"about":[{"href":"https:\/\/hotelmendos.com\/tr\/wp-json\/wp\/v2\/types\/page\/"}],"author":[{"embeddable":true,"href":"https:\/\/hotelmendos.com\/tr\/wp-json\/wp\/v2\/users\/1\/"}],"replies":[{"embeddable":true,"href":"https:\/\/hotelmendos.com\/tr\/wp-json\/wp\/v2\/comments\/?post=1894"}],"version-history":[{"count":22,"href":"https:\/\/hotelmendos.com\/tr\/wp-json\/wp\/v2\/pages\/1894\/revisions\/"}],"predecessor-version":[{"id":2368,"href":"https:\/\/hotelmendos.com\/tr\/wp-json\/wp\/v2\/pages\/1894\/revisions\/2368\/"}],"wp:attachment":[{"href":"https:\/\/hotelmendos.com\/tr\/wp-json\/wp\/v2\/media\/?parent=1894"}],"curies":[{"name":"wp","href":"https:\/\/api.w.org\/{rel}","templated":true}]}}