{"id":2100,"date":"2019-08-23T06:54:47","date_gmt":"2019-08-23T06:54:47","guid":{"rendered":"https:\/\/hotelmendos.com\/home-2\/"},"modified":"2025-12-23T12:35:51","modified_gmt":"2025-12-23T12:35:51","slug":"home-2","status":"publish","type":"page","link":"https:\/\/hotelmendos.com\/de\/","title":{"rendered":"MENDOS GARDEN EXCLUSIVE HOTEL"},"content":{"rendered":"<p>[vc_row content_placement=&#8220;middle&#8220; css=&#8220;.vc_custom_1583332366744{margin-right: 0px !important;margin-left: 0px !important;padding-top: 10px !important;padding-bottom: 10px !important;}&#8220;][vc_column width=&#8220;1\/2&#8243; css=&#8220;.vc_custom_1583332394776{margin-top: -10px !important;margin-right: 0px !important;padding-top: 20px !important;padding-right: 0px !important;padding-bottom: 20px !important;background-color: #cecece !important;}&#8220;]<div id=\"ultimate-video-699769deddda96b68\" class=\"ult-video  ult-adjust-bottom-margin ultimate-video-699769deddda96b68 ultv-675 \"><div class=\"ultv-video ultv-aspect-ratio-16_9 ultv-subscribe-responsive-none\" data-videotype=\"uv_iframe\">\n\t\t\t\t\t\t<div class=\"ultv-video__outer-wrap\" data-autoplay=\"0\" data-device=\"false\"  data-iconbg=\"#3A3A3A\" data-overcolor=\"\" data-defaultbg=\"#1f1f1e\" data-defaultplay=\"defaulticon\"><div class=\"ultv-video__play\" data-src=\"https:\/\/www.youtube.com\/embed\/LZdmOb-OhvA?rel=0&amp;start&amp;end&amp;controls=1&amp;mute=0&amp;modestbranding=1&amp;autoplay=1\">\n\t\t\t\t\t\t\t\t<img decoding=\"async\" class=\"ultv-video__thumb\" src=\"https:\/\/hotelmendos.com\/wp-content\/uploads\/2020\/03\/B2.jpg\"\/>\n\t\t\t\t\t\t\t\t<div class=\"ultv-video__play-icon  ultv-animation-none\" style=\"width:75px\"><svg height=\"100%\" version=\"1.1\" viewBox=\"0 0 68 48\" width=\"100%\"><path class=\"ultv-youtube-icon-bg\" d=\"m .66,37.62 c 0,0 .66,4.70 2.70,6.77 2.58,2.71 5.98,2.63 7.49,2.91 5.43,.52 23.10,.68 23.12,.68 .00,-1.3e-5 14.29,-0.02 23.81,-0.71 1.32,-0.15 4.22,-0.17 6.81,-2.89 2.03,-2.07 2.70,-6.77 2.70,-6.77 0,0 .67,-5.52 .67,-11.04 l 0,-5.17 c 0,-5.52 -0.67,-11.04 -0.67,-11.04 0,0 -0.66,-4.70 -2.70,-6.77 C 62.03,.86 59.13,.84 57.80,.69 48.28,0 34.00,0 34.00,0 33.97,0 19.69,0 10.18,.69 8.85,.84 5.95,.86 3.36,3.58 1.32,5.65 .66,10.35 .66,10.35 c 0,0 -0.55,4.50 -0.66,9.45 l 0,8.36 c .10,4.94 .66,9.45 .66,9.45 z\" fill=\"#1f1f1e\" ><\/path><path d=\"m 26.96,13.67 18.37,9.62 -18.37,9.55 -0.00,-19.17 z\" fill=\"#fff\"><\/path><path d=\"M 45.02,23.46 45.32,23.28 26.96,13.67 43.32,22.34 45.02,23.46 z\" fill=\"#ccc\"><\/path><\/svg><\/div> <\/div> <\/div><\/div><\/div>[\/vc_column][vc_column width=&#8220;1\/2&#8243; css=&#8220;.vc_custom_1580473381675{padding-top: 90px !important;padding-right: 12% !important;padding-bottom: 90px !important;padding-left: 12% !important;background-color: #ffffff !important;}&#8220;]<div id=\"ultimate-heading-210969deddda96d98\" class=\"uvc-heading ult-adjust-bottom-margin ultimate-heading-210969deddda96d98 uvc-7321  uvc-heading-default-font-sizes\" data-hspacer=\"no_spacer\"  data-halign=\"left\" style=\"text-align:left\"><div class=\"uvc-heading-spacer no_spacer\" style=\"top\"><\/div><div class=\"uvc-main-heading ult-responsive\"  data-ultimate-target='.uvc-heading.ultimate-heading-210969deddda96d98 p'  data-responsive-json-new='{\"font-size\":\"\",\"line-height\":\"\"}' ><p style=\"--font-weight:theme;margin-bottom:20px;\">Willkommen<\/p><\/div><div class=\"uvc-sub-heading ult-responsive\"  data-ultimate-target='.uvc-heading.ultimate-heading-210969deddda96d98 .uvc-sub-heading '  data-responsive-json-new='{\"font-size\":\"\",\"line-height\":\"\"}'  style=\"font-weight:normal;margin-bottom:35px;\"><\/p>\n<h2 class=\"fancy-subtitle start-animation-done start-animation\"><strong>MENDOS GARDEN EXCLUSIVE HOTEL<\/strong><\/h2>\n<p><\/div><\/div>[vc_column_text css=&#8220;.vc_custom_1766492743554{margin-bottom: 30px !important;}&#8220;]<\/p>\n<p data-start=\"0\" data-end=\"119\">3700 Quadratmeter gro\u00dfen Fl\u00e4che erbaut, befindet sich das Mendos Garden am \u00c7al\u0131\u015f-Strand nur 40 Meter vom Meer entfernt.<\/p>\n<p data-start=\"121\" data-end=\"401\" data-is-last-node=\"\" data-is-only-node=\"\">Die Anlage verf\u00fcgt insgesamt \u00fcber 45 Zimmer. Alle Zimmer sind ausgestattet mit Zimmertelefon, WC-Telefon, Balkon, Satellitenempfang, LCD-TV, Kleiderschrank, Safe, Schminkspiegel sowie einem Badezimmer und bieten damit zahlreiche Annehmlichkeiten f\u00fcr einen komfortablen Aufenthalt.<\/p>\n<p>[\/vc_column_text][\/vc_column][\/vc_row][vc_row full_width=&#8220;stretch_row&#8220; content_placement=&#8220;middle&#8220; bg_type=&#8220;image&#8220; parallax_style=&#8220;vcpb-vz-jquery&#8220; bg_image_new=&#8220;id^1695|url^https:\/\/hotelmendos.com\/wp-content\/uploads\/2020\/03\/MENDOS-DI\u015e-G\u00d6R\u00dcN\u00dcM.png|caption^null|alt^null|title^MENDOS-DI\u015e-G\u00d6R\u00dcN\u00dcM|description^null&#8220; bg_image_repeat=&#8220;repeat-y&#8220; parallax_sense=&#8220;60&#8243; bg_override=&#8220;full&#8220; enable_overlay=&#8220;enable_overlay_value&#8220; overlay_color=&#8220;rgba(0,0,0,0.5)&#8220; css=&#8220;.vc_custom_1583083055216{margin-bottom: 80px !important;padding-top: 90px !important;padding-bottom: 50px !important;}&#8220;][vc_column width=&#8220;5\/6&#8243; offset=&#8220;vc_col-lg-offset-1 vc_col-lg-10 vc_col-md-offset-1 vc_col-md-10 vc_col-sm-offset-1&#8243;][vc_text_separator title=&#8220;Das Mendos Garden befindet sich am \u00c7al\u0131\u015f-Strand, nur 40 Meter vom Meer entfernt.&#8220; color=&#8220;white&#8220; el_class=&#8220;beyaz&#8220;]<span id=\"creative-link-wrap-5475\" class=\"ult_main_cl ult-adjust-bottom-margin  \" >\n\t \t\t\t<span class=\"ult_cl_link_3  ult_crlink\" >\n\t\t\t\t\t<a  data-ultimate-target='#creative-link-wrap-5475 .ult_colorlink'  data-responsive-json-new='{\"font-size\":\"\",\"line-height\":\"\"}'  href=\"\/tr\/area\/\" title=\"\u00c7evre Bilgisi\"  class=\"ult_colorlink ult-responsive  vc_custom_1766492839792\" style=\"font-weight:normal; \"  data-textcolor=\"#ffffff\" data-texthover=\"#ffffff\"data-style=\"Style_3\">\n\t\t\t\t\t\t\n\t\t\t\t\t\t<span data-hover=\"F\u00fcr Informationen \u00fcber \u00c7al\u0131\u015f klicken Sie bitte hier.\" style=\"color:#ffffff;;;\" class=\"ult_btn10_span   \">F\u00fcr Informationen \u00fcber \u00c7al\u0131\u015f klicken Sie bitte hier.<\/span>\n\t\t\t\t\t\t<span class=\"ult_link_btm3 \" style=\"border-color:#ffffff;border-bottom-width:2px;border-style:solid;\"><\/span>\n\t\t\t\t\t<\/a>\n\t\t\t\t<\/span>\n\t\t\t<\/span>[\/vc_column][\/vc_row][vc_row css=&#8220;.vc_custom_1568986673274{padding-bottom: 60px !important;}&#8220;][vc_column][\/vc_column][\/vc_row][vc_row content_placement=&#8220;middle&#8220; css=&#8220;.vc_custom_1583165225226{margin-right: 0px !important;margin-bottom: 80px !important;margin-left: 0px !important;padding-top: 0px !important;padding-bottom: 0px !important;background-color: #ffffff !important;}&#8220;][vc_column][vc_column_text css=&#8220;.vc_custom_1766492864461{padding-top: 20px !important;padding-bottom: 15px !important;}&#8220;]<\/p>\n<h2 style=\"text-align: center;\">Zimmertypen<\/h2>\n<div class=\"flex flex-col text-sm pb-25\">\n<article class=\"text-token-text-primary w-full focus:outline-none [--shadow-height:45px] has-data-writing-block:pointer-events-none has-data-writing-block:-mt-(--shadow-height) has-data-writing-block:pt-(--shadow-height) [&amp;:has([data-writing-block])&gt;*]:pointer-events-auto scroll-mt-[calc(var(--header-height)+min(200px,max(70px,20svh)))]\" dir=\"auto\" tabindex=\"-1\" data-turn-id=\"request-WEB:de17cd56-cc35-488e-afa9-3d7bda93d5f2-2\" data-testid=\"conversation-turn-6\" data-scroll-anchor=\"true\" data-turn=\"assistant\">\n<div class=\"text-base my-auto mx-auto pb-10 [--thread-content-margin:--spacing(4)] @w-sm\/main:[--thread-content-margin:--spacing(6)] @w-lg\/main:[--thread-content-margin:--spacing(16)] px-(--thread-content-margin)\">\n<div class=\"[--thread-content-max-width:40rem] @w-lg\/main:[--thread-content-max-width:48rem] mx-auto max-w-(--thread-content-max-width) flex-1 group\/turn-messages focus-visible:outline-hidden relative flex w-full min-w-0 flex-col agent-turn\" tabindex=\"-1\">\n<div class=\"flex max-w-full flex-col grow\">\n<div class=\"min-h-8 text-message relative flex w-full flex-col items-end gap-2 text-start break-words whitespace-normal [.text-message+&amp;]:mt-1\" dir=\"auto\" data-message-author-role=\"assistant\" data-message-id=\"15a52cb4-e4b5-4abe-97cc-033509d1e126\" data-message-model-slug=\"gpt-5-2\">\n<div class=\"flex w-full flex-col gap-1 empty:hidden first:pt-[1px]\">\n<div class=\"markdown prose dark:prose-invert w-full break-words light markdown-new-styling\">\n<p style=\"text-align: center;\" data-start=\"17\" data-end=\"87\" data-is-last-node=\"\" data-is-only-node=\"\">Mit individuell gestaltetem Innendesign und grundlegendem Wohnkomfort.<\/p>\n<\/div>\n<\/div>\n<\/div>\n<\/div>\n<\/div>\n<\/div>\n<\/article>\n<\/div>\n<p>[\/vc_column_text][\/vc_column][vc_column width=&#8220;1\/2&#8243; css=&#8220;.vc_custom_1583165170179{padding-top: 0px !important;padding-right: 2% !important;padding-bottom: 50px !important;padding-left: 2% !important;background-color: #ffffff !important;}&#8220;][vc_column_text]<\/p>\n<h3 style=\"text-align: center;\"><strong data-start=\"0\" data-end=\"18\">Standardzimmer<\/strong><\/h3>\n<p>[\/vc_column_text][vc_single_image image=&#8220;1868&#8243; img_size=&#8220;large&#8220; onclick=&#8220;custom_link&#8220; lazy_loading=&#8220;true&#8220; link=&#8220;\/standart-room\/&#8220;][vc_column_text css=&#8220;.vc_custom_1766492891265{padding-right: 8px !important;padding-left: 8px !important;}&#8220;]<\/p>\n<p style=\"text-align: center;\" data-start=\"20\" data-end=\"127\" data-is-last-node=\"\" data-is-only-node=\"\">Zimmergr\u00f6\u00dfe: 21\u201324 m\u00b2, laminatbeschichteter Boden, Badezimmer mit Duschkabine, WC, Telefon, Satelliten-TV \u2026<\/p>\n<p>[\/vc_column_text][\/vc_column][vc_column width=&#8220;1\/2&#8243; css=&#8220;.vc_custom_1583165176272{padding-top: 0px !important;padding-right: 2% !important;padding-bottom: 50px !important;padding-left: 2% !important;background-color: #ffffff !important;}&#8220;][vc_column_text]<\/p>\n<h3 style=\"text-align: center;\"><strong data-start=\"0\" data-end=\"21\">Exklusives Zimmer<\/strong><\/h3>\n<p>[\/vc_column_text][vc_single_image image=&#8220;1869&#8243; img_size=&#8220;large&#8220; onclick=&#8220;custom_link&#8220; lazy_loading=&#8220;true&#8220; link=&#8220;\/exclusive-room\/&#8220;][vc_column_text css=&#8220;.vc_custom_1766492927019{padding-right: 8px !important;padding-left: 8px !important;}&#8220;]<\/p>\n<div class=\"text-base my-auto mx-auto pb-10 [--thread-content-margin:--spacing(4)] @w-sm\/main:[--thread-content-margin:--spacing(6)] @w-lg\/main:[--thread-content-margin:--spacing(16)] px-(--thread-content-margin)\">\n<div class=\"[--thread-content-max-width:40rem] @w-lg\/main:[--thread-content-max-width:48rem] mx-auto max-w-(--thread-content-max-width) flex-1 group\/turn-messages focus-visible:outline-hidden relative flex w-full min-w-0 flex-col agent-turn\" tabindex=\"-1\">\n<div class=\"flex max-w-full flex-col grow\">\n<div class=\"min-h-8 text-message relative flex w-full flex-col items-end gap-2 text-start break-words whitespace-normal [.text-message+&amp;]:mt-1\" dir=\"auto\" data-message-author-role=\"assistant\" data-message-id=\"38ba9376-4cbc-4cfd-9ffb-e0ac0df27807\" data-message-model-slug=\"gpt-5-2\">\n<div class=\"flex w-full flex-col gap-1 empty:hidden first:pt-[1px]\">\n<div class=\"markdown prose dark:prose-invert w-full break-words light markdown-new-styling\">\n<p style=\"text-align: center;\" data-start=\"23\" data-end=\"139\" data-is-last-node=\"\" data-is-only-node=\"\">Zimmergr\u00f6\u00dfe: 40\u201348 m\u00b2, laminatbeschichteter Boden, Jacuzzi, Badezimmer mit Duschkabine, WC, Telefon, Satelliten-TV \u2026<\/p>\n<\/div>\n<\/div>\n<\/div>\n<\/div>\n<\/div>\n<\/div>\n<p>[\/vc_column_text][\/vc_column][\/vc_row][vc_row content_placement=&#8220;middle&#8220; css=&#8220;.vc_custom_1568986454939{margin-right: 0px !important;margin-left: 0px !important;padding-top: 0px !important;padding-bottom: 90px !important;}&#8220;][vc_column width=&#8220;1\/2&#8243; css=&#8220;.vc_custom_1580473271034{padding-top: 90px !important;padding-right: 12% !important;padding-bottom: 90px !important;padding-left: 12% !important;background-color: #ffffff !important;}&#8220;]<div id=\"ultimate-heading-531669deddda96e16\" class=\"uvc-heading ult-adjust-bottom-margin ultimate-heading-531669deddda96e16 uvc-8425  uvc-heading-default-font-sizes\" data-hspacer=\"no_spacer\"  data-halign=\"left\" style=\"text-align:left\"><div class=\"uvc-heading-spacer no_spacer\" style=\"top\"><\/div><div class=\"uvc-main-heading ult-responsive\"  data-ultimate-target='.uvc-heading.ultimate-heading-531669deddda96e16 h2'  data-responsive-json-new='{\"font-size\":\"\",\"line-height\":\"\"}' ><h2 style=\"--font-weight:theme;margin-bottom:35px;\">Fethiye<\/h2><\/div><div class=\"uvc-sub-heading ult-responsive\"  data-ultimate-target='.uvc-heading.ultimate-heading-531669deddda96e16 .uvc-sub-heading '  data-responsive-json-new='{\"font-size\":\"\",\"line-height\":\"\"}'  style=\"font-weight:normal;margin-bottom:30px;\">Es ist m\u00f6glich, fast jeden Teil der Stadt mit den Sammeltaxis (Dolmu\u015f) zu erreichen, die den ganzen Tag \u00fcber in sehr kurzen Abst\u00e4nden verkehren. Zudem werden direkt unter der \u00c7al\u0131\u015f-Br\u00fccke Fahrten mit Seetaxis (Booten) ins Stadtzentrum angeboten. Mit seinem gr\u00fcnen Garten, den komfortablen Zimmern, Animationen, Wettbewerben..<\/div><\/div><span id=\"creative-link-wrap-9353\" class=\"ult_main_cl ult-adjust-bottom-margin  \" >\n\t \t\t\t<span class=\"ult_cl_link_3  ult_crlink\" >\n\t\t\t\t\t<a  data-ultimate-target='#creative-link-wrap-9353 .ult_colorlink'  data-responsive-json-new='{\"font-size\":\"\",\"line-height\":\"\"}'  href=\"\/tr\/area\/\" title=\"\u00c7evre &amp; Aktiviteler\"  class=\"ult_colorlink ult-responsive  vc_custom_1766493173080\" style=\"float:left;font-weight:normal; \"  data-textcolor=\"#ad5142\" data-texthover=\"#ad5142\"data-style=\"Style_3\">\n\t\t\t\t\t\t\n\t\t\t\t\t\t<span data-hover=\"Mehr lesen\" style=\"color:#ad5142;;;\" class=\"ult_btn10_span   \">Mehr lesen<\/span>\n\t\t\t\t\t\t<span class=\"ult_link_btm3 \" style=\"border-color:#ad5142;border-bottom-width:2px;border-style:solid;\"><\/span>\n\t\t\t\t\t<\/a>\n\t\t\t\t<\/span>\n\t\t\t<\/span>[\/vc_column][vc_column parallax=&#8220;content-moving&#8220; parallax_image=&#8220;1665&#8243; width=&#8220;1\/2&#8243; css=&#8220;.vc_custom_1583083584926{margin-top: -60px !important;margin-right: 0px !important;padding-top: 200px !important;padding-right: 0px !important;padding-bottom: 200px !important;}&#8220;][\/vc_column][\/vc_row][vc_row content_placement=&#8220;middle&#8220; css=&#8220;.vc_custom_1568986705979{margin-right: 0px !important;margin-left: 0px !important;padding-bottom: 80px !important;}&#8220;][vc_column parallax=&#8220;content-moving&#8220; parallax_image=&#8220;1670&#8243; width=&#8220;1\/2&#8243; css=&#8220;.vc_custom_1583089363351{margin-top: -60px !important;margin-right: 0px !important;padding-top: 200px !important;padding-right: 0px !important;padding-bottom: 200px !important;}&#8220;][\/vc_column][vc_column width=&#8220;1\/2&#8243; css=&#8220;.vc_custom_1580473257706{padding-top: 90px !important;padding-right: 12% !important;padding-bottom: 110px !important;padding-left: 12% !important;background-color: #ffffff !important;}&#8220;]<div id=\"ultimate-heading-178369deddda96e77\" class=\"uvc-heading ult-adjust-bottom-margin ultimate-heading-178369deddda96e77 uvc-733  uvc-heading-default-font-sizes\" data-hspacer=\"no_spacer\"  data-halign=\"left\" style=\"text-align:left\"><div class=\"uvc-heading-spacer no_spacer\" style=\"top\"><\/div><div class=\"uvc-main-heading ult-responsive\"  data-ultimate-target='.uvc-heading.ultimate-heading-178369deddda96e77 h2'  data-responsive-json-new='{\"font-size\":\"\",\"line-height\":\"\"}' ><h2 style=\"--font-weight:theme;margin-bottom:35px;\">Olanaklar<\/h2><\/div><\/div>[vc_column_text]<strong>KOSTENLOSE LEISTUNGEN:<\/strong><\/p>\n<ul>\n<li>T\u00fcrkisch-Lateinische N\u00e4chte, Tanz- und Akrobatik-Shows<\/li>\n<li>Zimmerservice<\/li>\n<li>Billard<\/li>\n<li>Tischtennis<\/li>\n<li>WLAN-Internetverbindung (in den Zimmern und \u00f6ffentlichen Bereichen)<\/li>\n<li>Hauseigener Parkplatz<\/li>\n<li>Liegest\u00fchle und Sonnenschirme am Pool<\/li>\n<\/ul>\n<p><strong>UNSERE ANLAGE BIETET:<\/strong><\/p>\n<ul>\n<li>Restaurant f\u00fcr 120 Personen &amp; Buffet-Service (Innen- &amp; Au\u00dfenbereich)<\/li>\n<li>1 Snack-Bar<\/li>\n<li>1 Au\u00dfenpool f\u00fcr Erwachsene<\/li>\n<li>1 Kinderbecken<\/li>\n<li>24-Stunden-Rezeption<\/li>\n<li>WLAN-Internetverbindung (im Zimmer und in allen \u00f6ffentlichen Bereichen)<\/li>\n<li>Hauseigener Parkplatz (kostenlos)<\/li>\n<li>Garten<\/li>\n<\/ul>\n<p>&nbsp;<\/p>\n<hr \/>\n<p>&nbsp;<\/p>\n<p>Unser Betrieb verfolgt einen sensiblen und verantwortungsbewussten Ansatz in Bezug auf die Barrierefreiheit f\u00fcr Menschen mit Behinderungen.<\/p>\n<p>Aufgrund der bestehenden Geb\u00e4udestruktur, der Etagenplanung sowie der baulichen Gegebenheiten ist eine Unterbringung von G\u00e4sten mit Behinderungen derzeit leider nicht m\u00f6glich.<\/p>\n<p>Diese Information dient der Transparenz im Rahmen der geltenden gesetzlichen Bestimmungen.<\/p>\n<p>Wir danken Ihnen f\u00fcr Ihr Verst\u00e4ndnis.[\/vc_column_text][\/vc_column][\/vc_row]<\/p>\n","protected":false},"excerpt":{"rendered":"<p>[vc_row content_placement=&#8220;middle&#8220; css=&#8220;.vc_custom_1583332366744{margin-right: 0px !important;margin-left: 0px !important;padding-top: 10px !important;padding-bottom: 10px !important;}&#8220;][vc_column width=&#8220;1\/2&#8243; css=&#8220;.vc_custom_1583332394776{margin-top: -10px !important;margin-right: 0px !important;padding-top: 20px !important;padding-right: 0px !important;padding-bottom: 20px !important;background-color: #cecece !important;}&#8220;][\/vc_column][vc_column width=&#8220;1\/2&#8243; css=&#8220;.vc_custom_1580473381675{padding-top: 90px !important;padding-right: 12% !important;padding-bottom: 90px !important;padding-left: 12% !important;background-color: #ffffff !important;}&#8220;][vc_column_text css=&#8220;.vc_custom_1766492743554{margin-bottom: 30px !important;}&#8220;] 3700 Quadratmeter gro\u00dfen Fl\u00e4che erbaut, befindet sich das Mendos Garden am \u00c7al\u0131\u015f-Strand nur 40 Meter&hellip;<\/p>\n","protected":false},"author":1,"featured_media":0,"parent":0,"menu_order":0,"comment_status":"closed","ping_status":"closed","template":"","meta":[],"class_list":["post-2100","page","type-page","status-publish","hentry","description-off"],"_links":{"self":[{"href":"https:\/\/hotelmendos.com\/de\/wp-json\/wp\/v2\/pages\/2100\/"}],"collection":[{"href":"https:\/\/hotelmendos.com\/de\/wp-json\/wp\/v2\/pages\/"}],"about":[{"href":"https:\/\/hotelmendos.com\/de\/wp-json\/wp\/v2\/types\/page\/"}],"author":[{"embeddable":true,"href":"https:\/\/hotelmendos.com\/de\/wp-json\/wp\/v2\/users\/1\/"}],"replies":[{"embeddable":true,"href":"https:\/\/hotelmendos.com\/de\/wp-json\/wp\/v2\/comments\/?post=2100"}],"version-history":[{"count":11,"href":"https:\/\/hotelmendos.com\/de\/wp-json\/wp\/v2\/pages\/2100\/revisions\/"}],"predecessor-version":[{"id":2370,"href":"https:\/\/hotelmendos.com\/de\/wp-json\/wp\/v2\/pages\/2100\/revisions\/2370\/"}],"wp:attachment":[{"href":"https:\/\/hotelmendos.com\/de\/wp-json\/wp\/v2\/media\/?parent=2100"}],"curies":[{"name":"wp","href":"https:\/\/api.w.org\/{rel}","templated":true}]}}